{"id":11,"date":"2026-02-11T16:00:30","date_gmt":"2026-02-11T15:00:30","guid":{"rendered":"http:\/\/enxmmxnklr.cyon.link\/?page_id=11"},"modified":"2026-03-19T09:01:55","modified_gmt":"2026-03-19T08:01:55","slug":"home","status":"publish","type":"page","link":"https:\/\/hoffnungsraum.ch\/","title":{"rendered":"Home"},"content":{"rendered":"<p>[et_pb_section fb_built=&#187;1&#8243; _builder_version=&#187;4.16&#8243; use_background_color_gradient=&#187;on&#187; background_color_gradient_stops=&#187;rgba(255,255,255,0.5) 0%|#ffffff 100%&#187; background_color_gradient_overlays_image=&#187;on&#187; background_color_gradient_start=&#187;rgba(255,255,255,0.5)&#187; background_color_gradient_end=&#187;#ffffff&#187; background_image=&#187;http:\/\/enxmmxnklr.cyon.link\/wp-content\/uploads\/2026\/02\/therapist-02.png&#187; custom_margin=&#187;||||false&#187; custom_padding=&#187;14vw||4vw||false|false&#187; global_colors_info=&#187;{}&#187;][et_pb_row _builder_version=&#187;4.16&#8243; animation_style=&#187;fade&#187; global_colors_info=&#187;{}&#187;][et_pb_column type=&#187;4_4&#8243; _builder_version=&#187;4.16&#8243; custom_padding=&#187;|||&#187; global_colors_info=&#187;{}&#187; custom_padding__hover=&#187;|||&#187;][et_pb_text _builder_version=&#187;4.27.5&#8243; text_font=&#187;||||||||&#187; text_font_size=&#187;18px&#187; text_line_height=&#187;2em&#187; header_font=&#187;Montserrat|300|||||||&#187; header_font_size=&#187;50px&#187; header_line_height=&#187;1.4em&#187; text_orientation=&#187;center&#187; max_width=&#187;700px&#187; module_alignment=&#187;center&#187; header_font_size_tablet=&#187;40px&#187; header_font_size_phone=&#187;32px&#187; header_font_size_last_edited=&#187;on|desktop&#187; global_colors_info=&#187;{}&#187;]<\/p>\n<h1><strong>Kirche, Spiritualit\u00e4t und psychische Gesundheit<\/strong><\/h1>\n<p>F\u00fcr eine Kirche, die sowohl Hoffnung verk\u00fcndet, als auch heilsame R\u00e4ume schafft.<\/p>\n<p>[\/et_pb_text][\/et_pb_column][\/et_pb_row][\/et_pb_section][et_pb_section fb_built=&#187;1&#8243; admin_label=&#187;Features&#187; _builder_version=&#187;4.16&#8243; custom_margin=&#187;||||false&#187; custom_padding=&#187;0px||0px||true&#187; top_divider_style=&#187;curve&#187; top_divider_color=&#187;#ffffff&#187; top_divider_height=&#187;2.5vw&#187; top_divider_arrangement=&#187;above_content&#187; global_colors_info=&#187;{}&#187;][et_pb_row column_structure=&#187;1_3,1_3,1_3&#8243; use_custom_gutter=&#187;on&#187; gutter_width=&#187;1&#8243; make_equal=&#187;on&#187; padding_top_bottom_link_1=&#187;true&#187; padding_top_bottom_link_2=&#187;true&#187; padding_top_bottom_link_3=&#187;true&#187; padding_left_right_link_1=&#187;true&#187; padding_left_right_link_2=&#187;true&#187; padding_left_right_link_3=&#187;true&#187; module_class=&#187; et_pb_row_fullwidth&#187; _builder_version=&#187;4.16&#8243; width=&#187;100%&#187; width_tablet=&#187;100%&#187; width_phone=&#187;100%&#187; width_last_edited=&#187;on|desktop&#187; max_width=&#187;100%&#187; max_width_tablet=&#187;100%&#187; max_width_phone=&#187;100%&#187; max_width_last_edited=&#187;on|desktop&#187; custom_padding=&#187;0|0px|0px|0px|false|false&#187; make_fullwidth=&#187;on&#187; global_colors_info=&#187;{}&#187;][et_pb_column type=&#187;1_3&#8243; _builder_version=&#187;4.16&#8243; background_color=&#187;#fff2e9&#8243; custom_padding=&#187;80px|4%|80px|4%&#187; custom_padding_tablet=&#187;|10%||10%||true&#187; custom_padding_phone=&#187;|10%||10%||true&#187; custom_padding_last_edited=&#187;on|tablet&#187; global_colors_info=&#187;{}&#187; padding_tablet=&#187;|10%||10%||true&#187; padding_last_edited=&#187;on|tablet&#187; custom_padding__hover=&#187;|||&#187; padding_phone=&#187;|10%||10%||true&#187;][et_pb_image src=&#187;http:\/\/enxmmxnklr.cyon.link\/wp-content\/uploads\/2026\/02\/therapist-05.png&#187; align=&#187;center&#187; align_tablet=&#187;center&#187; align_phone=&#187;center&#187; align_last_edited=&#187;on|desktop&#187; _builder_version=&#187;4.16&#8243; custom_margin=&#187;||20px|&#187; animation_style=&#187;fade&#187; global_colors_info=&#187;{}&#187;][\/et_pb_image][et_pb_cta title=&#187;Beratung&#187; button_url=&#187;https:\/\/hoffnungsraum.ch\/index.php\/133-2\/&#187; button_text=&#187;mehr erfahren&#187; _builder_version=&#187;4.27.5&#8243; header_font=&#187;Montserrat|600|||||||&#187; header_line_height=&#187;1.5em&#187; body_font=&#187;||||||||&#187; body_font_size=&#187;16px&#187; body_line_height=&#187;2em&#187; use_background_color=&#187;off&#187; custom_button=&#187;on&#187; button_text_size=&#187;14px&#187; button_text_color=&#187;#ffffff&#187; button_bg_color=&#187;#7f8dff&#187; button_border_width=&#187;8px&#187; button_border_color=&#187;rgba(0,0,0,0)&#187; button_border_radius=&#187;100px&#187; button_letter_spacing=&#187;2px&#187; button_font=&#187;Montserrat|||on|||||&#187; background_layout=&#187;light&#187; box_shadow_style_button=&#187;preset3&#8243; box_shadow_color_button=&#187;rgba(127,141,255,0.4)&#187; button_letter_spacing_hover=&#187;2px&#187; global_colors_info=&#187;{}&#187; button_text_size__hover_enabled=&#187;off&#187; button_one_text_size__hover_enabled=&#187;off&#187; button_two_text_size__hover_enabled=&#187;off&#187; button_text_color__hover_enabled=&#187;off&#187; button_one_text_color__hover_enabled=&#187;off&#187; button_two_text_color__hover_enabled=&#187;off&#187; button_border_width__hover_enabled=&#187;off&#187; button_one_border_width__hover_enabled=&#187;off&#187; button_two_border_width__hover_enabled=&#187;off&#187; button_border_color__hover_enabled=&#187;off&#187; button_one_border_color__hover_enabled=&#187;off&#187; button_two_border_color__hover_enabled=&#187;off&#187; button_border_radius__hover_enabled=&#187;off&#187; button_one_border_radius__hover_enabled=&#187;off&#187; button_two_border_radius__hover_enabled=&#187;off&#187; button_letter_spacing__hover_enabled=&#187;on&#187; button_letter_spacing__hover=&#187;2px&#187; button_one_letter_spacing__hover_enabled=&#187;off&#187; button_two_letter_spacing__hover_enabled=&#187;off&#187; button_bg_color__hover_enabled=&#187;off&#187; button_one_bg_color__hover_enabled=&#187;off&#187; button_two_bg_color__hover_enabled=&#187;off&#187;]<\/p>\n<p>Individuelle Beratung f\u00fcr kirchliche Organisationen, welche mit Menschen mit einer psychischen Belastung unterwegs sind<\/p>\n<p>[\/et_pb_cta][\/et_pb_column][et_pb_column type=&#187;1_3&#8243; _builder_version=&#187;4.16&#8243; background_color=&#187;#616ce1&#8243; custom_padding=&#187;80px|4%|80px|4%&#187; custom_padding_tablet=&#187;|10%||10%||true&#187; custom_padding_phone=&#187;|10%||10%||true&#187; custom_padding_last_edited=&#187;on|tablet&#187; global_colors_info=&#187;{}&#187; padding_tablet=&#187;|10%||10%||true&#187; padding_last_edited=&#187;on|tablet&#187; custom_padding__hover=&#187;|||&#187; padding_phone=&#187;|10%||10%||true&#187;][et_pb_image src=&#187;http:\/\/enxmmxnklr.cyon.link\/wp-content\/uploads\/2026\/02\/therapist-04.png&#187; align=&#187;center&#187; align_tablet=&#187;center&#187; align_phone=&#187;center&#187; align_last_edited=&#187;on|desktop&#187; _builder_version=&#187;4.16&#8243; custom_margin=&#187;||20px|&#187; animation_style=&#187;fade&#187; global_colors_info=&#187;{}&#187;][\/et_pb_image][et_pb_cta title=&#187;Kurs f\u00fcr Kirchgemeinden&#187; button_url=&#187;https:\/\/hoffnungsraum.ch\/index.php\/85-2\/&#187; button_text=&#187;mehr erfahren&#187; _builder_version=&#187;4.27.5&#8243; header_font=&#187;Montserrat|600|||||||&#187; header_line_height=&#187;1.5em&#187; body_font=&#187;||||||||&#187; body_font_size=&#187;16px&#187; body_line_height=&#187;2em&#187; use_background_color=&#187;off&#187; custom_button=&#187;on&#187; button_text_size=&#187;14px&#187; button_text_color=&#187;#ffffff&#187; button_bg_color=&#187;#7f8dff&#187; button_border_width=&#187;8px&#187; button_border_color=&#187;rgba(0,0,0,0)&#187; button_border_radius=&#187;100px&#187; button_letter_spacing=&#187;2px&#187; button_font=&#187;Montserrat|||on|||||&#187; button_letter_spacing_hover=&#187;2px&#187; locked=&#187;off&#187; global_colors_info=&#187;{}&#187; button_text_size__hover_enabled=&#187;off&#187; button_one_text_size__hover_enabled=&#187;off&#187; button_two_text_size__hover_enabled=&#187;off&#187; button_text_color__hover_enabled=&#187;off&#187; button_one_text_color__hover_enabled=&#187;off&#187; button_two_text_color__hover_enabled=&#187;off&#187; button_border_width__hover_enabled=&#187;off&#187; button_one_border_width__hover_enabled=&#187;off&#187; button_two_border_width__hover_enabled=&#187;off&#187; button_border_color__hover_enabled=&#187;off&#187; button_one_border_color__hover_enabled=&#187;off&#187; button_two_border_color__hover_enabled=&#187;off&#187; button_border_radius__hover_enabled=&#187;off&#187; button_one_border_radius__hover_enabled=&#187;off&#187; button_two_border_radius__hover_enabled=&#187;off&#187; button_letter_spacing__hover_enabled=&#187;on&#187; button_letter_spacing__hover=&#187;2px&#187; button_one_letter_spacing__hover_enabled=&#187;off&#187; button_two_letter_spacing__hover_enabled=&#187;off&#187; button_bg_color__hover_enabled=&#187;off&#187; button_one_bg_color__hover_enabled=&#187;off&#187; button_two_bg_color__hover_enabled=&#187;off&#187;]<\/p>\n<p>Kurs f\u00fcr Laien in Kirchgemeinden, die mehr \u00fcber die Begleitung von Menschen mit psychischen Belastungen lernen m\u00f6chten<\/p>\n<p>[\/et_pb_cta][\/et_pb_column][et_pb_column type=&#187;1_3&#8243; _builder_version=&#187;4.16&#8243; background_color=&#187;#d6daff&#187; custom_padding=&#187;80px|4%|80px|4%&#187; custom_padding_tablet=&#187;|10%||10%||true&#187; custom_padding_phone=&#187;|10%||10%||true&#187; custom_padding_last_edited=&#187;on|tablet&#187; global_colors_info=&#187;{}&#187; padding_tablet=&#187;|10%||10%||true&#187; padding_last_edited=&#187;on|tablet&#187; custom_padding__hover=&#187;|||&#187; padding_phone=&#187;|10%||10%||true&#187;][et_pb_image src=&#187;http:\/\/enxmmxnklr.cyon.link\/wp-content\/uploads\/2026\/02\/therapist-03.png&#187; align=&#187;center&#187; align_tablet=&#187;center&#187; align_phone=&#187;center&#187; align_last_edited=&#187;on|desktop&#187; _builder_version=&#187;4.16&#8243; custom_margin=&#187;||20px|&#187; animation_style=&#187;fade&#187; global_colors_info=&#187;{}&#187;][\/et_pb_image][et_pb_cta title=&#187;Kurs f\u00fcr Jugendgruppen&#187; button_url=&#187;https:\/\/hoffnungsraum.ch\/index.php\/85-2\/&#187; button_text=&#187;mehr erfahren&#187; _builder_version=&#187;4.27.5&#8243; header_font=&#187;Montserrat|600|||||||&#187; header_line_height=&#187;1.5em&#187; body_font=&#187;||||||||&#187; body_font_size=&#187;16px&#187; body_line_height=&#187;2em&#187; use_background_color=&#187;off&#187; custom_button=&#187;on&#187; button_text_size=&#187;14px&#187; button_text_color=&#187;#ffffff&#187; button_bg_color=&#187;#7f8dff&#187; button_border_width=&#187;8px&#187; button_border_color=&#187;rgba(0,0,0,0)&#187; button_border_radius=&#187;100px&#187; button_letter_spacing=&#187;2px&#187; button_font=&#187;Montserrat|||on|||||&#187; background_layout=&#187;light&#187; button_letter_spacing_hover=&#187;2px&#187; locked=&#187;off&#187; global_colors_info=&#187;{}&#187; button_text_size__hover_enabled=&#187;off&#187; button_one_text_size__hover_enabled=&#187;off&#187; button_two_text_size__hover_enabled=&#187;off&#187; button_text_color__hover_enabled=&#187;off&#187; button_one_text_color__hover_enabled=&#187;off&#187; button_two_text_color__hover_enabled=&#187;off&#187; button_border_width__hover_enabled=&#187;off&#187; button_one_border_width__hover_enabled=&#187;off&#187; button_two_border_width__hover_enabled=&#187;off&#187; button_border_color__hover_enabled=&#187;off&#187; button_one_border_color__hover_enabled=&#187;off&#187; button_two_border_color__hover_enabled=&#187;off&#187; button_border_radius__hover_enabled=&#187;off&#187; button_one_border_radius__hover_enabled=&#187;off&#187; button_two_border_radius__hover_enabled=&#187;off&#187; button_letter_spacing__hover_enabled=&#187;on&#187; button_letter_spacing__hover=&#187;2px&#187; button_one_letter_spacing__hover_enabled=&#187;off&#187; button_two_letter_spacing__hover_enabled=&#187;off&#187; button_bg_color__hover_enabled=&#187;off&#187; button_one_bg_color__hover_enabled=&#187;off&#187; button_two_bg_color__hover_enabled=&#187;off&#187;]<\/p>\n<p>Kurs f\u00fcr junge Menschen in kirchlichen Jugendgruppen, die mehr \u00fcber die Begleitung von Jugendlichen mit psychischen Belastungen lernen m\u00f6chen<\/p>\n<p>[\/et_pb_cta][\/et_pb_column][\/et_pb_row][\/et_pb_section][et_pb_section fb_built=&#187;1&#8243; admin_label=&#187;About Me&#187; _builder_version=&#187;4.16&#8243; custom_padding=&#187;54px|0px|0|0px|false|false&#187; global_colors_info=&#187;{}&#187;][et_pb_row column_structure=&#187;1_4,3_4&#8243; use_custom_gutter=&#187;on&#187; padding_top_bottom_link_2=&#187;true&#187; padding_left_right_link_2=&#187;true&#187; _builder_version=&#187;4.16&#8243; max_width=&#187;80%&#187; custom_margin=&#187;|0px||&#187; custom_margin_tablet=&#187;|10%||10%||true&#187; custom_margin_phone=&#187;&#187; custom_margin_last_edited=&#187;on|tablet&#187; custom_padding=&#187;100px|0px|0|0px|false|false&#187; use_custom_width=&#187;on&#187; width_unit=&#187;off&#187; global_colors_info=&#187;{}&#187;][et_pb_column type=&#187;1_4&#8243; _builder_version=&#187;4.16&#8243; custom_padding=&#187;|||&#187; global_colors_info=&#187;{}&#187; custom_padding__hover=&#187;|||&#187;][et_pb_image src=&#187;https:\/\/hoffnungsraum.ch\/wp-content\/uploads\/2026\/02\/0-074b8826-f6a5-41e9-99f5-912df2a2be13-512&#215;512.jpg&#187; align_tablet=&#187;center&#187; align_phone=&#187;center&#187; align_last_edited=&#187;on|desktop&#187; _builder_version=&#187;4.27.5&#8243; custom_margin=&#187;-60px|-50%||&#187; custom_margin_tablet=&#187;|0%||&#187; custom_margin_phone=&#187;&#187; custom_margin_last_edited=&#187;on|tablet&#187; animation_style=&#187;slide&#187; animation_direction=&#187;right&#187; animation_intensity_slide=&#187;5%&#187; global_colors_info=&#187;{}&#187;][\/et_pb_image][\/et_pb_column][et_pb_column type=&#187;3_4&#8243; _builder_version=&#187;4.16&#8243; background_color=&#187;#f7f9fc&#187; custom_padding=&#187;40px|60px|40px|60px&#187; custom_padding_tablet=&#187;40px|60px|40px|60px&#187; custom_padding_phone=&#187;|40px||40px||true&#187; custom_padding_last_edited=&#187;on|phone&#187; global_colors_info=&#187;{}&#187; padding_phone=&#187;|40px||40px||true&#187; padding_last_edited=&#187;on|phone&#187; custom_padding__hover=&#187;|||&#187;][et_pb_text _builder_version=&#187;4.27.5&#8243; text_font=&#187;||||||||&#187; text_font_size=&#187;16px&#187; text_line_height=&#187;2em&#187; header_font=&#187;||||||||&#187; header_2_font=&#187;Montserrat|300|||||||&#187; header_2_font_size=&#187;40px&#187; header_2_line_height=&#187;1.4em&#187; header_5_font=&#187;||||||||&#187; header_5_text_color=&#187;#7f8dff&#187; header_5_line_height=&#187;2em&#187; max_width=&#187;700px&#187; header_2_font_size_tablet=&#187;&#187; header_2_font_size_phone=&#187;30px&#187; header_2_font_size_last_edited=&#187;on|phone&#187; locked=&#187;off&#187; global_colors_info=&#187;{}&#187;]<\/p>\n<h2>Hoffnung und ein sicherer Raum<\/h2>\n<p>Kirche er\u00f6ffnet einen sicheren Raum, in dem Fragen nach Sinn, Leid, Scheitern und Neubeginn gestellt werden d\u00fcrfen.<\/p>\n<p>[\/et_pb_text][\/et_pb_column][\/et_pb_row][\/et_pb_section][et_pb_section fb_built=&#187;1&#8243; admin_label=&#187;Services&#187; _builder_version=&#187;4.27.5&#8243; use_background_color_gradient=&#187;on&#187; background_color_gradient_type=&#187;circular&#187; background_color_gradient_stops=&#187;rgba(255,255,255,0) 67%|#ffffff 100%&#187; background_color_gradient_overlays_image=&#187;on&#187; background_color_gradient_start=&#187;rgba(255,255,255,0)&#187; background_color_gradient_start_position=&#187;67%&#187; background_color_gradient_end=&#187;#ffffff&#187; background_image=&#187;http:\/\/enxmmxnklr.cyon.link\/wp-content\/uploads\/2026\/02\/therapist-06j.png&#187; min_height=&#187;591.2px&#187; custom_padding=&#187;12vw||0vw||false|false&#187; global_colors_info=&#187;{}&#187;][et_pb_row column_structure=&#187;2_5,3_5&#8243; _builder_version=&#187;4.16&#8243; custom_margin=&#187;-84px|auto||auto||&#187; custom_padding=&#187;27px|0px|27px|0px|false|false&#187; global_colors_info=&#187;{}&#187;][et_pb_column type=&#187;2_5&#8243; _builder_version=&#187;4.16&#8243; custom_padding=&#187;|||&#187; global_colors_info=&#187;{}&#187; custom_padding__hover=&#187;|||&#187;][et_pb_image src=&#187;https:\/\/hoffnungsraum.ch\/wp-content\/uploads\/2026\/02\/2-8ac42c7c-7d70-4a43-aae6-fd0f9c8dff30-512&#215;512.jpg&#187; align=&#187;right&#187; align_tablet=&#187;center&#187; align_phone=&#187;center&#187; align_last_edited=&#187;on|desktop&#187; _builder_version=&#187;4.27.5&#8243; animation_style=&#187;fade&#187; global_colors_info=&#187;{}&#187;][\/et_pb_image][\/et_pb_column][et_pb_column type=&#187;3_5&#8243; _builder_version=&#187;4.16&#8243; custom_padding=&#187;80px|||&#187; custom_padding_tablet=&#187;0px|||&#187; custom_padding_phone=&#187;0px|||&#187; custom_padding_last_edited=&#187;on|tablet&#187; global_colors_info=&#187;{}&#187; padding_tablet=&#187;0px|||&#187; padding_last_edited=&#187;on|tablet&#187; custom_padding__hover=&#187;|||&#187; padding_phone=&#187;0px|||&#187;][et_pb_text _builder_version=&#187;4.27.5&#8243; text_font=&#187;||||||||&#187; text_font_size=&#187;16px&#187; text_line_height=&#187;2em&#187; header_font=&#187;||||||||&#187; header_2_font=&#187;||||||||&#187; header_3_font=&#187;Montserrat||||||||&#187; header_3_line_height=&#187;1.4em&#187; header_5_font=&#187;||||||||&#187; header_5_text_color=&#187;#7f8dff&#187; header_5_line_height=&#187;2em&#187; max_width=&#187;700px&#187; custom_margin=&#187;-75px|||||&#187; header_2_font_size_phone=&#187;30px&#187; header_2_font_size_last_edited=&#187;off|desktop&#187; locked=&#187;off&#187; global_colors_info=&#187;{}&#187;]<\/p>\n<h3><span>Die Kirche ist in mehrfacher Hinsicht ein einzigartiger Raum f\u00fcr die Begleitung von Menschen mit psychischen Belastungen<\/span><\/h3>\n<p data-start=\"1779\" data-end=\"1913\" data-is-last-node=\"\" data-is-only-node=\"\">\n<p>[\/et_pb_text][et_pb_text _builder_version=&#187;4.27.5&#8243; _module_preset=&#187;default&#187; min_height=&#187;188px&#187; custom_padding=&#187;0px|||||&#187; global_colors_info=&#187;{}&#187;]<\/p>\n<p><span style=\"font-size: large;\">Die Kirche kann f\u00fcr Menschen mit psychischen Belastungen ein besonderer Ort der Begleitung sein. Hier wird der Mensch ganzheitlich gesehen \u2013 als Einheit von K\u00f6rper, Seele und Geist. Es gibt Raum f\u00fcr Fragen nach Sinn, Hoffnung, Scheitern und Neubeginn. In der Gemeinschaft einer Gemeinde k\u00f6nnen Menschen erleben, dass sie nicht allein sind und angenommen werden, so wie sie sind. Rituale, Gebet, Stille oder seelsorgerliche Gespr\u00e4che k\u00f6nnen dabei helfen, zur Ruhe zu kommen und neue Kraft zu sch\u00f6pfen. Gleichzeitig ist die Kirche oft ein leicht zug\u00e4nglicher Ort, an dem man \u00fcber das sprechen kann, was innerlich bewegt \u2013 auch wenn der Schritt zu einer Therapie noch schwer f\u00e4llt. So entsteht ein Raum, in dem fachliche Begleitung und spirituelle Ressourcen zusammenwirken und Menschen mit all ihren Br\u00fcchen willkommen sind.<\/span><\/p>\n<p>[\/et_pb_text][\/et_pb_column][\/et_pb_row][\/et_pb_section][et_pb_section fb_built=&#187;1&#8243; admin_label=&#187;Footer&#187; _builder_version=&#187;4.16&#8243; min_height=&#187;210px&#187; global_colors_info=&#187;{}&#187;][et_pb_row _builder_version=&#187;4.16&#8243; locked=&#187;off&#187; global_colors_info=&#187;{}&#187;][et_pb_column type=&#187;4_4&#8243; _builder_version=&#187;4.16&#8243; custom_padding=&#187;|||&#187; global_colors_info=&#187;{}&#187; custom_padding__hover=&#187;|||&#187;][et_pb_text _builder_version=&#187;4.27.5&#8243; text_font=&#187;||||||||&#187; text_font_size=&#187;16px&#187; text_line_height=&#187;2em&#187; header_font=&#187;||||||||&#187; header_2_font=&#187;Montserrat|300|||||||&#187; header_2_font_size=&#187;40px&#187; header_2_line_height=&#187;1.4em&#187; header_5_font=&#187;||||||||&#187; header_5_text_color=&#187;#7f8dff&#187; header_5_line_height=&#187;2em&#187; text_orientation=&#187;center&#187; max_width=&#187;700px&#187; module_alignment=&#187;center&#187; header_2_font_size_tablet=&#187;&#187; header_2_font_size_phone=&#187;30px&#187; header_2_font_size_last_edited=&#187;on|phone&#187; locked=&#187;off&#187; global_colors_info=&#187;{}&#187;]<\/p>\n<h2>Kontakt<\/h2>\n<p>Kontaktiere uns \u00fcber <a href=\"mailto:info@hoffnungsraum.ch\">info@hoffnungsraum.ch<\/a>\u00a0<\/p>\n<p>[\/et_pb_text][\/et_pb_column][\/et_pb_row][\/et_pb_section]<\/p>\n","protected":false},"excerpt":{"rendered":"<p>Kirche, Spiritualit\u00e4t und psychische Gesundheit F\u00fcr eine Kirche, die sowohl Hoffnung verk\u00fcndet, als auch heilsame R\u00e4ume schafft.Individuelle Beratung f\u00fcr kirchliche Organisationen, welche mit Menschen mit einer psychischen Belastung unterwegs sindKurs f\u00fcr Laien in Kirchgemeinden, die mehr \u00fcber die Begleitung von Menschen mit psychischen Belastungen lernen m\u00f6chtenKurs f\u00fcr junge Menschen in kirchlichen Jugendgruppen, die mehr \u00fcber [&hellip;]<\/p>\n","protected":false},"author":1,"featured_media":0,"parent":0,"menu_order":0,"comment_status":"closed","ping_status":"closed","template":"","meta":{"_et_pb_use_builder":"on","_et_pb_old_content":"","_et_gb_content_width":"","footnotes":""},"class_list":["post-11","page","type-page","status-publish","hentry"],"_links":{"self":[{"href":"https:\/\/hoffnungsraum.ch\/index.php\/wp-json\/wp\/v2\/pages\/11","targetHints":{"allow":["GET"]}}],"collection":[{"href":"https:\/\/hoffnungsraum.ch\/index.php\/wp-json\/wp\/v2\/pages"}],"about":[{"href":"https:\/\/hoffnungsraum.ch\/index.php\/wp-json\/wp\/v2\/types\/page"}],"author":[{"embeddable":true,"href":"https:\/\/hoffnungsraum.ch\/index.php\/wp-json\/wp\/v2\/users\/1"}],"replies":[{"embeddable":true,"href":"https:\/\/hoffnungsraum.ch\/index.php\/wp-json\/wp\/v2\/comments?post=11"}],"version-history":[{"count":22,"href":"https:\/\/hoffnungsraum.ch\/index.php\/wp-json\/wp\/v2\/pages\/11\/revisions"}],"predecessor-version":[{"id":171,"href":"https:\/\/hoffnungsraum.ch\/index.php\/wp-json\/wp\/v2\/pages\/11\/revisions\/171"}],"wp:attachment":[{"href":"https:\/\/hoffnungsraum.ch\/index.php\/wp-json\/wp\/v2\/media?parent=11"}],"curies":[{"name":"wp","href":"https:\/\/api.w.org\/{rel}","templated":true}]}}