{"id":39,"date":"2026-02-11T16:21:20","date_gmt":"2026-02-11T15:21:20","guid":{"rendered":"http:\/\/enxmmxnklr.cyon.link\/?page_id=39"},"modified":"2026-02-16T14:58:48","modified_gmt":"2026-02-16T13:58:48","slug":"ueber-uns","status":"publish","type":"page","link":"https:\/\/hoffnungsraum.ch\/index.php\/ueber-uns\/","title":{"rendered":"\u00dcber uns"},"content":{"rendered":"<p>[et_pb_section fb_built=&#187;1&#8243; next_background_color=&#187;#ffffff&#187; _builder_version=&#187;4.27.5&#8243; use_background_color_gradient=&#187;on&#187; background_color_gradient_type=&#187;circular&#187; background_color_gradient_direction_radial=&#187;top left&#187; background_color_gradient_stops=&#187;rgba(255,227,208,0.7) 50%|rgba(255,227,208,0.3) 100%&#187; background_color_gradient_overlays_image=&#187;on&#187; background_color_gradient_start=&#187;rgba(255,227,208,0.7)&#187; background_color_gradient_start_position=&#187;50%&#187; background_color_gradient_end=&#187;rgba(255,227,208,0.3)&#187; background_image=&#187;https:\/\/hoffnungsraum.ch\/wp-content\/uploads\/2026\/02\/therapist-02.png&#187; custom_margin=&#187;||||false&#187; custom_padding=&#187;14vw||4vw||false|false&#187; bottom_divider_style=&#187;curve&#187; bottom_divider_height=&#187;2.5vw&#187; global_colors_info=&#187;{}&#187;][et_pb_row _builder_version=&#187;4.16&#8243; animation_style=&#187;fade&#187; global_colors_info=&#187;{}&#187;][et_pb_column type=&#187;4_4&#8243; _builder_version=&#187;4.16&#8243; custom_padding=&#187;|||&#187; global_colors_info=&#187;{}&#187; custom_padding__hover=&#187;|||&#187;][et_pb_text _builder_version=&#187;4.27.5&#8243; text_font=&#187;||||||||&#187; text_font_size=&#187;18px&#187; text_line_height=&#187;2em&#187; header_font=&#187;Montserrat|300|||||||&#187; header_font_size=&#187;50px&#187; header_line_height=&#187;1.4em&#187; text_orientation=&#187;center&#187; max_width=&#187;700px&#187; module_alignment=&#187;center&#187; header_font_size_tablet=&#187;40px&#187; header_font_size_phone=&#187;32px&#187; header_font_size_last_edited=&#187;on|desktop&#187; global_colors_info=&#187;{}&#187;]<\/p>\n<h1><strong>\u00dcber uns<\/strong><\/h1>\n<p>&nbsp;<\/p>\n<p>[\/et_pb_text][\/et_pb_column][\/et_pb_row][\/et_pb_section][et_pb_section fb_built=&#187;1&#8243; _builder_version=&#187;4.27.5&#8243; _module_preset=&#187;default&#187; global_colors_info=&#187;{}&#187;][et_pb_row column_structure=&#187;1_3,1_3,1_3&#8243; _builder_version=&#187;4.27.5&#8243; _module_preset=&#187;default&#187; global_colors_info=&#187;{}&#187;][et_pb_column type=&#187;1_3&#8243; _builder_version=&#187;4.27.5&#8243; _module_preset=&#187;default&#187; global_colors_info=&#187;{}&#187;][et_pb_team_member name=&#187;Thomas Wartenweiler&#187; image_url=&#187;data:image\/svg+xml;base64,PHN2ZyB3aWR0aD0iNTAwIiBoZWlnaHQ9IjUwMCIgdmlld0JveD0iMCAwIDUwMCA1MDAiIHhtbG5zPSJodHRwOi8vd3d3LnczLm9yZy8yMDAwL3N2ZyI+CiAgICA8ZyBmaWxsPSJub25lIiBmaWxsLXJ1bGU9ImV2ZW5vZGQiPgogICAgICAgIDxwYXRoIGZpbGw9IiNFQkVCRUIiIGQ9Ik0wIDBoNTAwdjUwMEgweiIvPgogICAgICAgIDxyZWN0IGZpbGwtb3BhY2l0eT0iLjEiIGZpbGw9IiMwMDAiIHg9IjY4IiB5PSIzMDUiIHdpZHRoPSIzNjQiIGhlaWdodD0iNTY4IiByeD0iMTgyIi8+CiAgICAgICAgPGNpcmNsZSBmaWxsLW9wYWNpdHk9Ii4xIiBmaWxsPSIjMDAwIiBjeD0iMjQ5IiBjeT0iMTcyIiByPSIxMDAiLz4KICAgIDwvZz4KPC9zdmc+Cg==&#187; _builder_version=&#187;4.27.5&#8243; _module_preset=&#187;default&#187; global_colors_info=&#187;{}&#187;]<\/p>\n<p style=\"font-weight: 400;\">Thomas Wartenweiler, PhD, M.Sc. Psychosoziale Beratung, M.T.S. Theological Studies, ENSA Instruktor, Dozent f\u00fcr Sozialp\u00e4dagogik und freier Mitarbeiten am Forschungsinstitut f\u00fcr Spiritualit\u00e4t und Gesundheit<\/p>\n<p style=\"font-weight: 400;\">Thomas hat in Kanada in der aufsuchenden Sozialen Arbeit mit Menschen mit psychischen Erkrankungen \u00fcber viele Jahre Erfahrung mit der Thematik gesammelt.<\/p>\n<p>[\/et_pb_team_member][\/et_pb_column][et_pb_column type=&#187;1_3&#8243; _builder_version=&#187;4.27.5&#8243; _module_preset=&#187;default&#187; global_colors_info=&#187;{}&#187;][et_pb_team_member name=&#187;Bruno Martin&#187; image_url=&#187;data:image\/svg+xml;base64,PHN2ZyB3aWR0aD0iNTAwIiBoZWlnaHQ9IjUwMCIgdmlld0JveD0iMCAwIDUwMCA1MDAiIHhtbG5zPSJodHRwOi8vd3d3LnczLm9yZy8yMDAwL3N2ZyI+CiAgICA8ZyBmaWxsPSJub25lIiBmaWxsLXJ1bGU9ImV2ZW5vZGQiPgogICAgICAgIDxwYXRoIGZpbGw9IiNFQkVCRUIiIGQ9Ik0wIDBoNTAwdjUwMEgweiIvPgogICAgICAgIDxyZWN0IGZpbGwtb3BhY2l0eT0iLjEiIGZpbGw9IiMwMDAiIHg9IjY4IiB5PSIzMDUiIHdpZHRoPSIzNjQiIGhlaWdodD0iNTY4IiByeD0iMTgyIi8+CiAgICAgICAgPGNpcmNsZSBmaWxsLW9wYWNpdHk9Ii4xIiBmaWxsPSIjMDAwIiBjeD0iMjQ5IiBjeT0iMTcyIiByPSIxMDAiLz4KICAgIDwvZz4KPC9zdmc+Cg==&#187; _builder_version=&#187;4.27.5&#8243; _module_preset=&#187;default&#187; hover_enabled=&#187;0&#8243; global_colors_info=&#187;{}&#187; sticky_enabled=&#187;0&#8243;]<\/p>\n<p class=\"font_9 wixui-rich-text__text\"><span class=\"wixui-rich-text__text\"><span class=\"color_15 wixui-rich-text__text\">Musikp\u00e4dagoge<br class=\"wixui-rich-text__text\" \/>Pastpr<br class=\"wixui-rich-text__text\" \/>Berater Logotherapie und Existenzanalyse nach Viktor Frankl<\/span><\/span><\/p>\n<p class=\"font_9 wixui-rich-text__text\"><span class=\"wixui-rich-text__text\"><span class=\"color_15 wixui-rich-text__text\">Achtsamkeitstrainer \u00a0<\/span><\/span><\/p>\n<p class=\"font_9 wixui-rich-text__text\"><span class=\"wixui-rich-text__text\"><span class=\"color_15 wixui-rich-text__text\">Basiskurs Paartherapie EFT<\/span><\/span><\/p>\n<p>[\/et_pb_team_member][\/et_pb_column][et_pb_column type=&#187;1_3&#8243; _builder_version=&#187;4.27.5&#8243; _module_preset=&#187;default&#187; global_colors_info=&#187;{}&#187;][et_pb_team_member name=&#187;Ulli Martin&#187; image_url=&#187;data:image\/svg+xml;base64,PHN2ZyB3aWR0aD0iNTAwIiBoZWlnaHQ9IjUwMCIgdmlld0JveD0iMCAwIDUwMCA1MDAiIHhtbG5zPSJodHRwOi8vd3d3LnczLm9yZy8yMDAwL3N2ZyI+CiAgICA8ZyBmaWxsPSJub25lIiBmaWxsLXJ1bGU9ImV2ZW5vZGQiPgogICAgICAgIDxwYXRoIGZpbGw9IiNFQkVCRUIiIGQ9Ik0wIDBoNTAwdjUwMEgweiIvPgogICAgICAgIDxyZWN0IGZpbGwtb3BhY2l0eT0iLjEiIGZpbGw9IiMwMDAiIHg9IjY4IiB5PSIzMDUiIHdpZHRoPSIzNjQiIGhlaWdodD0iNTY4IiByeD0iMTgyIi8+CiAgICAgICAgPGNpcmNsZSBmaWxsLW9wYWNpdHk9Ii4xIiBmaWxsPSIjMDAwIiBjeD0iMjQ5IiBjeT0iMTcyIiByPSIxMDAiLz4KICAgIDwvZz4KPC9zdmc+Cg==&#187; _builder_version=&#187;4.27.5&#8243; _module_preset=&#187;default&#187; hover_enabled=&#187;0&#8243; global_colors_info=&#187;{}&#187; sticky_enabled=&#187;0&#8243;]<\/p>\n<p class=\"font_8 wixui-rich-text__text\">Pflergefachfrau Psychiatrie HF Individualpsychologische Beraterin Systemische Kompetenz<\/p>\n<p class=\"font_8 wixui-rich-text__text\">Diverse kreative Weiterbildungen Basiskurs Paartherapie EFT<\/p>\n<p>[\/et_pb_team_member][\/et_pb_column][\/et_pb_row][\/et_pb_section]<\/p>\n","protected":false},"excerpt":{"rendered":"<p>\u00dcber uns &nbsp;Thomas Wartenweiler, PhD, M.Sc. Psychosoziale Beratung, M.T.S. Theological Studies, ENSA Instruktor, Dozent f\u00fcr Sozialp\u00e4dagogik und freier Mitarbeiten am Forschungsinstitut f\u00fcr Spiritualit\u00e4t und Gesundheit Thomas hat in Kanada in der aufsuchenden Sozialen Arbeit mit Menschen mit psychischen Erkrankungen \u00fcber viele Jahre Erfahrung mit der Thematik gesammelt.Musikp\u00e4dagogePastprBerater Logotherapie und Existenzanalyse nach Viktor Frankl Achtsamkeitstrainer \u00a0 [&hellip;]<\/p>\n","protected":false},"author":1,"featured_media":0,"parent":0,"menu_order":0,"comment_status":"closed","ping_status":"closed","template":"","meta":{"_et_pb_use_builder":"on","_et_pb_old_content":"","_et_gb_content_width":"","footnotes":""},"class_list":["post-39","page","type-page","status-publish","hentry"],"_links":{"self":[{"href":"https:\/\/hoffnungsraum.ch\/index.php\/wp-json\/wp\/v2\/pages\/39","targetHints":{"allow":["GET"]}}],"collection":[{"href":"https:\/\/hoffnungsraum.ch\/index.php\/wp-json\/wp\/v2\/pages"}],"about":[{"href":"https:\/\/hoffnungsraum.ch\/index.php\/wp-json\/wp\/v2\/types\/page"}],"author":[{"embeddable":true,"href":"https:\/\/hoffnungsraum.ch\/index.php\/wp-json\/wp\/v2\/users\/1"}],"replies":[{"embeddable":true,"href":"https:\/\/hoffnungsraum.ch\/index.php\/wp-json\/wp\/v2\/comments?post=39"}],"version-history":[{"count":9,"href":"https:\/\/hoffnungsraum.ch\/index.php\/wp-json\/wp\/v2\/pages\/39\/revisions"}],"predecessor-version":[{"id":161,"href":"https:\/\/hoffnungsraum.ch\/index.php\/wp-json\/wp\/v2\/pages\/39\/revisions\/161"}],"wp:attachment":[{"href":"https:\/\/hoffnungsraum.ch\/index.php\/wp-json\/wp\/v2\/media?parent=39"}],"curies":[{"name":"wp","href":"https:\/\/api.w.org\/{rel}","templated":true}]}}