{"id":81,"date":"2026-02-12T15:53:54","date_gmt":"2026-02-12T14:53:54","guid":{"rendered":"https:\/\/hoffnungsraum.ch\/?page_id=81"},"modified":"2026-02-16T14:54:43","modified_gmt":"2026-02-16T13:54:43","slug":"81-2","status":"publish","type":"page","link":"https:\/\/hoffnungsraum.ch\/index.php\/81-2\/","title":{"rendered":""},"content":{"rendered":"<p>[et_pb_section fb_built=&#187;1&#8243; custom_padding_last_edited=&#187;on|tablet&#187; next_background_color=&#187;#616ce1&#8243; admin_label=&#187;Hero&#187; _builder_version=&#187;4.16&#8243; use_background_color_gradient=&#187;on&#187; background_color_gradient_type=&#187;circular&#187; background_color_gradient_direction_radial=&#187;top left&#187; background_color_gradient_stops=&#187;rgba(214,218,255,0.7) 50%|rgba(214,218,255,0.3) 100%&#187; background_color_gradient_start=&#187;rgba(214,218,255,0.7)&#187; background_color_gradient_start_position=&#187;50%&#187; background_color_gradient_end=&#187;rgba(214,218,255,0.3)&#187; background_image=&#187;https:\/\/hoffnungsraum.ch\/wp-content\/uploads\/2026\/02\/therapist-12-1.png&#187; parallax=&#187;on&#187; custom_margin=&#187;||||false&#187; custom_padding=&#187;14vw||4vw||false|false&#187; custom_padding_tablet=&#187;||50px|&#187; custom_padding_phone=&#187;&#187; bottom_divider_style=&#187;curve&#187; bottom_divider_height=&#187;2.5vw&#187; global_colors_info=&#187;{}&#187;][et_pb_row _builder_version=&#187;4.16&#8243; animation_style=&#187;fade&#187; global_colors_info=&#187;{}&#187;][et_pb_column type=&#187;4_4&#8243; _builder_version=&#187;4.16&#8243; custom_padding=&#187;|||&#187; global_colors_info=&#187;{}&#187; custom_padding__hover=&#187;|||&#187;][et_pb_text _builder_version=&#187;4.27.5&#8243; text_font=&#187;||||||||&#187; text_font_size=&#187;18px&#187; text_line_height=&#187;2em&#187; header_font=&#187;Montserrat|300|||||||&#187; header_font_size=&#187;50px&#187; header_line_height=&#187;1.4em&#187; text_orientation=&#187;center&#187; max_width=&#187;700px&#187; module_alignment=&#187;center&#187; header_font_size_tablet=&#187;40px&#187; header_font_size_phone=&#187;32px&#187; header_font_size_last_edited=&#187;on|desktop&#187; global_colors_info=&#187;{}&#187;]<\/p>\n<h1>H\u00e4ufig gestellte Fragen<\/h1>\n<p>[\/et_pb_text][\/et_pb_column][\/et_pb_row][\/et_pb_section][et_pb_section fb_built=&#187;1&#8243; admin_label=&#187;FAQ&#187; _builder_version=&#187;4.16&#8243; background_color=&#187;#616ce1&#8243; custom_padding=&#187;54px|0px|54px|0px|false|false&#187; global_colors_info=&#187;{}&#187;][et_pb_row column_structure=&#187;1_2,1_2&#8243; use_custom_gutter=&#187;on&#187; _builder_version=&#187;4.16&#8243; global_colors_info=&#187;{}&#187;][et_pb_column type=&#187;1_2&#8243; _builder_version=&#187;4.16&#8243; custom_padding=&#187;|||&#187; global_colors_info=&#187;{}&#187; custom_padding__hover=&#187;|||&#187;][et_pb_text _builder_version=&#187;4.27.5&#8243; text_font=&#187;||||||||&#187; text_font_size=&#187;16px&#187; text_line_height=&#187;2em&#187; header_font=&#187;||||||||&#187; header_3_font=&#187;Montserrat||||||||&#187; header_3_line_height=&#187;1.4em&#187; header_4_font=&#187;||||||||&#187; background_layout=&#187;dark&#187; max_width=&#187;700px&#187; module_alignment=&#187;center&#187; locked=&#187;off&#187; global_colors_info=&#187;{}&#187;]<\/p>\n<h3>Kurse<\/h3>\n<p>[\/et_pb_text][et_pb_toggle title=&#187;F\u00fcr wen eignen sich die Kurse?&#187; open_toggle_text_color=&#187;#000000&#8243; open_toggle_background_color=&#187;#ffffff&#187; closed_toggle_text_color=&#187;#000000&#8243; closed_toggle_background_color=&#187;#ffffff&#187; _builder_version=&#187;4.27.5&#8243; title_level=&#187;h4&#8243; title_font=&#187;Montserrat|500|||||||&#187; title_line_height=&#187;1.4em&#187; body_font_size=&#187;16px&#187; body_line_height=&#187;2em&#187; custom_padding=&#187;30px|40px|30px|40px|true|true&#187; animation_style=&#187;fade&#187; hover_enabled=&#187;0&#8243; border_radii=&#187;on|10px|10px|10px|10px&#187; border_width_all=&#187;0px&#187; box_shadow_style=&#187;preset1&#8243; box_shadow_blur=&#187;30px&#187; box_shadow_color=&#187;rgba(0,0,0,0.06)&#187; global_colors_info=&#187;{}&#187; sticky_enabled=&#187;0&#8243;]<\/p>\n<p>Der Kurs f\u00fcr Erwachsene richtet sich an alle interessierten Personen, die lernen m\u00f6chten, spezifisch in einem kirchlichen Setting Menschen mit psychischen Belastungen zu begleiten.<\/p>\n<p>[\/et_pb_toggle][et_pb_toggle title=&#187;K\u00f6nnen die Kurse individuell angepasst werden?&#187; open=&#187;on&#187; open_toggle_text_color=&#187;#000000&#8243; open_toggle_background_color=&#187;#ffffff&#187; closed_toggle_text_color=&#187;#000000&#8243; closed_toggle_background_color=&#187;#ffffff&#187; _builder_version=&#187;4.27.5&#8243; title_level=&#187;h4&#8243; title_font=&#187;Montserrat|500|||||||&#187; title_line_height=&#187;1.4em&#187; body_font_size=&#187;16px&#187; body_line_height=&#187;2em&#187; custom_padding=&#187;30px|40px|30px|40px|true|true&#187; animation_style=&#187;fade&#187; hover_enabled=&#187;0&#8243; border_radii=&#187;on|10px|10px|10px|10px&#187; border_width_all=&#187;0px&#187; box_shadow_style=&#187;preset1&#8243; box_shadow_blur=&#187;30px&#187; box_shadow_color=&#187;rgba(0,0,0,0.06)&#187; global_colors_info=&#187;{}&#187; sticky_enabled=&#187;0&#8243;]<\/p>\n<p>Ja, Kursdauer und Inhalte k\u00f6nnen den Bed\u00fcrfnissen der verschiedenen Institutionen angepasst werden.\u00a0<\/p>\n<p>[\/et_pb_toggle][\/et_pb_column][et_pb_column type=&#187;1_2&#8243; _builder_version=&#187;4.16&#8243; custom_padding=&#187;|||&#187; global_colors_info=&#187;{}&#187; custom_padding__hover=&#187;|||&#187;][et_pb_text _builder_version=&#187;4.27.5&#8243; text_font=&#187;||||||||&#187; text_font_size=&#187;16px&#187; text_line_height=&#187;2em&#187; header_font=&#187;||||||||&#187; header_3_font=&#187;Montserrat||||||||&#187; header_3_line_height=&#187;1.4em&#187; header_4_font=&#187;||||||||&#187; background_layout=&#187;dark&#187; max_width=&#187;700px&#187; module_alignment=&#187;center&#187; hover_enabled=&#187;0&#8243; locked=&#187;off&#187; global_colors_info=&#187;{}&#187; sticky_enabled=&#187;0&#8243;]<\/p>\n<h3>Beratung<\/h3>\n<p>[\/et_pb_text][et_pb_toggle title=&#187;Wie l\u00e4uft die Beratung ab?&#187; open=&#187;on&#187; open_toggle_text_color=&#187;#000000&#8243; open_toggle_background_color=&#187;#ffffff&#187; closed_toggle_text_color=&#187;#000000&#8243; closed_toggle_background_color=&#187;#ffffff&#187; _builder_version=&#187;4.27.5&#8243; title_level=&#187;h4&#8243; title_font=&#187;Montserrat|500|||||||&#187; title_line_height=&#187;1.4em&#187; body_font_size=&#187;16px&#187; body_line_height=&#187;2em&#187; custom_padding=&#187;30px|40px|30px|40px|true|true&#187; animation_style=&#187;fade&#187; hover_enabled=&#187;0&#8243; border_radii=&#187;on|10px|10px|10px|10px&#187; border_width_all=&#187;0px&#187; box_shadow_style=&#187;preset1&#8243; box_shadow_blur=&#187;30px&#187; box_shadow_color=&#187;rgba(0,0,0,0.06)&#187; locked=&#187;off&#187; global_colors_info=&#187;{}&#187; sticky_enabled=&#187;0&#8243;]<\/p>\n<p>Ganz individuell nach Bed\u00fcrfnissen der anfragenden Institution. Diese k\u00f6nnen in einem Erstgespr\u00e4ch gemeinsam gekl\u00e4rt werden.\u00a0<\/p>\n<p>[\/et_pb_toggle][et_pb_toggle title=&#187;Warum bietet Ihr Beratung an?&#187; open_toggle_text_color=&#187;#000000&#8243; open_toggle_background_color=&#187;#ffffff&#187; closed_toggle_text_color=&#187;#000000&#8243; closed_toggle_background_color=&#187;#ffffff&#187; _builder_version=&#187;4.27.5&#8243; title_level=&#187;h4&#8243; title_font=&#187;Montserrat|500|||||||&#187; title_line_height=&#187;1.4em&#187; body_font_size=&#187;16px&#187; body_line_height=&#187;2em&#187; custom_padding=&#187;30px|40px|30px|40px|true|true&#187; animation_style=&#187;fade&#187; hover_enabled=&#187;0&#8243; border_radii=&#187;on|10px|10px|10px|10px&#187; border_width_all=&#187;0px&#187; box_shadow_style=&#187;preset1&#8243; box_shadow_blur=&#187;30px&#187; box_shadow_color=&#187;rgba(0,0,0,0.06)&#187; locked=&#187;off&#187; global_colors_info=&#187;{}&#187; sticky_enabled=&#187;0&#8243;]<\/p>\n<p>Das Kursformat ist auf Gruppen ausgerichtet. Manchmal ist es jedoch sinnvoll, spezifische Interventionen oder Massnahmen im Einzelsetting zu besprechen. Dies kann z.B. f\u00fcr Pastoren oder Menschen in F\u00fchrungspositionen etc. sinnvoll sein.\u00a0<\/p>\n<p>[\/et_pb_toggle][\/et_pb_column][\/et_pb_row][\/et_pb_section]<\/p>\n","protected":false},"excerpt":{"rendered":"<p>H\u00e4ufig gestellte FragenKurseDer Kurs f\u00fcr Erwachsene richtet sich an alle interessierten Personen, die lernen m\u00f6chten, spezifisch in einem kirchlichen Setting Menschen mit psychischen Belastungen zu begleiten.Ja, Kursdauer und Inhalte k\u00f6nnen den Bed\u00fcrfnissen der verschiedenen Institutionen angepasst werden.\u00a0BeratungGanz individuell nach Bed\u00fcrfnissen der anfragenden Institution. Diese k\u00f6nnen in einem Erstgespr\u00e4ch gemeinsam gekl\u00e4rt werden.\u00a0Das Kursformat ist auf Gruppen [&hellip;]<\/p>\n","protected":false},"author":2,"featured_media":0,"parent":0,"menu_order":0,"comment_status":"closed","ping_status":"closed","template":"","meta":{"_et_pb_use_builder":"on","_et_pb_old_content":"","_et_gb_content_width":"","footnotes":""},"class_list":["post-81","page","type-page","status-publish","hentry"],"_links":{"self":[{"href":"https:\/\/hoffnungsraum.ch\/index.php\/wp-json\/wp\/v2\/pages\/81","targetHints":{"allow":["GET"]}}],"collection":[{"href":"https:\/\/hoffnungsraum.ch\/index.php\/wp-json\/wp\/v2\/pages"}],"about":[{"href":"https:\/\/hoffnungsraum.ch\/index.php\/wp-json\/wp\/v2\/types\/page"}],"author":[{"embeddable":true,"href":"https:\/\/hoffnungsraum.ch\/index.php\/wp-json\/wp\/v2\/users\/2"}],"replies":[{"embeddable":true,"href":"https:\/\/hoffnungsraum.ch\/index.php\/wp-json\/wp\/v2\/comments?post=81"}],"version-history":[{"count":4,"href":"https:\/\/hoffnungsraum.ch\/index.php\/wp-json\/wp\/v2\/pages\/81\/revisions"}],"predecessor-version":[{"id":158,"href":"https:\/\/hoffnungsraum.ch\/index.php\/wp-json\/wp\/v2\/pages\/81\/revisions\/158"}],"wp:attachment":[{"href":"https:\/\/hoffnungsraum.ch\/index.php\/wp-json\/wp\/v2\/media?parent=81"}],"curies":[{"name":"wp","href":"https:\/\/api.w.org\/{rel}","templated":true}]}}